{"id":3,"date":"2025-10-13T18:25:08","date_gmt":"2025-10-13T18:25:08","guid":{"rendered":"https:\/\/agalay.es\/?page_id=3"},"modified":"2025-12-31T15:34:14","modified_gmt":"2025-12-31T14:34:14","slug":"privacy-policy","status":"publish","type":"page","link":"https:\/\/agalay.es\/?page_id=3","title":{"rendered":"Pol\u00edtica de privacidad"},"content":{"rendered":"\n<p>Responsable del tratamiento: Agalay Aesthetic S.L.<br>CIF: B19473396<br>Correo: info@agalay.es<\/p>\n\n\n\n<p>Los datos personales recogidos a trav\u00e9s de esta web se utilizan \u00fanicamente para:<\/p>\n\n\n\n<ul class=\"wp-block-list\">\n<li>Gestionar pedidos y facturaci\u00f3n<\/li>\n\n\n\n<li>Atender consultas<\/li>\n\n\n\n<li>Cumplir obligaciones legales<\/li>\n<\/ul>\n\n\n\n<p>La base legal del tratamiento es la ejecuci\u00f3n de un contrato de compraventa y el cumplimiento de obligaciones legales.<\/p>\n\n\n\n<p>Los datos no se ceder\u00e1n a terceros salvo obligaci\u00f3n legal o para la correcta prestaci\u00f3n del servicio (transporte, pago).<\/p>\n\n\n\n<p>El usuario puede ejercer sus derechos de acceso, rectificaci\u00f3n, supresi\u00f3n y otros escribiendo a info@agalay.es.<\/p>\n\n\n\n<p><\/p>\n","protected":false},"excerpt":{"rendered":"<p>Responsable del tratamiento: Agalay Aesthetic S.L.CIF: B19473396Correo: info@agalay.es Los datos personales recogidos a trav\u00e9s de esta web se utilizan \u00fanicamente para: La base legal del tratamiento es la ejecuci\u00f3n de un contrato de compraventa y el cumplimiento de obligaciones legales. Los datos no se ceder\u00e1n a terceros salvo obligaci\u00f3n legal o para la correcta prestaci\u00f3n [&hellip;]<\/p>\n","protected":false},"author":1,"featured_media":0,"parent":0,"menu_order":0,"comment_status":"closed","ping_status":"open","template":"","meta":{"footnotes":""},"class_list":["post-3","page","type-page","status-publish","hentry"],"_links":{"self":[{"href":"https:\/\/agalay.es\/index.php?rest_route=\/wp\/v2\/pages\/3","targetHints":{"allow":["GET"]}}],"collection":[{"href":"https:\/\/agalay.es\/index.php?rest_route=\/wp\/v2\/pages"}],"about":[{"href":"https:\/\/agalay.es\/index.php?rest_route=\/wp\/v2\/types\/page"}],"author":[{"embeddable":true,"href":"https:\/\/agalay.es\/index.php?rest_route=\/wp\/v2\/users\/1"}],"replies":[{"embeddable":true,"href":"https:\/\/agalay.es\/index.php?rest_route=%2Fwp%2Fv2%2Fcomments&post=3"}],"version-history":[{"count":3,"href":"https:\/\/agalay.es\/index.php?rest_route=\/wp\/v2\/pages\/3\/revisions"}],"predecessor-version":[{"id":104,"href":"https:\/\/agalay.es\/index.php?rest_route=\/wp\/v2\/pages\/3\/revisions\/104"}],"wp:attachment":[{"href":"https:\/\/agalay.es\/index.php?rest_route=%2Fwp%2Fv2%2Fmedia&parent=3"}],"curies":[{"name":"wp","href":"https:\/\/api.w.org\/{rel}","templated":true}]}}